{"id":2528,"date":"2018-01-15T11:49:37","date_gmt":"2018-01-15T10:49:37","guid":{"rendered":"http:\/\/www.mmts.ch\/shop\/lehrmittel-detailhandel\/"},"modified":"2021-09-30T11:23:14","modified_gmt":"2021-09-30T09:23:14","slug":"materiel-pedagogique-commerce-de-detail","status":"publish","type":"product","link":"https:\/\/www.mmts.ch\/fr\/shop\/materiel-pedagogique-commerce-de-detail\/","title":{"rendered":"Mat\u00e9riel p\u00e9dagogique Commerce de d\u00e9tail &#8211; beook"},"content":{"rendered":"","protected":false},"excerpt":{"rendered":"","protected":false},"featured_media":7615,"comment_status":"closed","ping_status":"closed","template":"","meta":{"_exactmetrics_skip_tracking":false,"_exactmetrics_sitenote_active":false,"_exactmetrics_sitenote_note":"","_exactmetrics_sitenote_category":0},"product_brand":[],"product_cat":[95],"product_tag":[],"class_list":{"0":"post-2528","1":"product","2":"type-product","3":"status-publish","4":"has-post-thumbnail","6":"product_cat-lehrmittel-fr","7":"product_shipping_class-port-gratuit","9":"first","10":"instock","11":"shipping-taxable","12":"purchasable","13":"product-type-variable"},"aioseo_notices":[],"_links":{"self":[{"href":"https:\/\/www.mmts.ch\/fr\/wp-json\/wp\/v2\/product\/2528","targetHints":{"allow":["GET"]}}],"collection":[{"href":"https:\/\/www.mmts.ch\/fr\/wp-json\/wp\/v2\/product"}],"about":[{"href":"https:\/\/www.mmts.ch\/fr\/wp-json\/wp\/v2\/types\/product"}],"replies":[{"embeddable":true,"href":"https:\/\/www.mmts.ch\/fr\/wp-json\/wp\/v2\/comments?post=2528"}],"wp:featuredmedia":[{"embeddable":true,"href":"https:\/\/www.mmts.ch\/fr\/wp-json\/wp\/v2\/media\/7615"}],"wp:attachment":[{"href":"https:\/\/www.mmts.ch\/fr\/wp-json\/wp\/v2\/media?parent=2528"}],"wp:term":[{"taxonomy":"product_brand","embeddable":true,"href":"https:\/\/www.mmts.ch\/fr\/wp-json\/wp\/v2\/product_brand?post=2528"},{"taxonomy":"product_cat","embeddable":true,"href":"https:\/\/www.mmts.ch\/fr\/wp-json\/wp\/v2\/product_cat?post=2528"},{"taxonomy":"product_tag","embeddable":true,"href":"https:\/\/www.mmts.ch\/fr\/wp-json\/wp\/v2\/product_tag?post=2528"}],"curies":[{"name":"wp","href":"https:\/\/api.w.org\/{rel}","templated":true}]}}