{"id":6391,"date":"2019-07-08T11:14:28","date_gmt":"2019-07-08T09:14:29","guid":{"rendered":"https:\/\/www.mmts.ch\/?post_type=product&#038;p=6391"},"modified":"2024-10-02T14:33:34","modified_gmt":"2024-10-02T12:33:34","slug":"securite-au-travail","status":"publish","type":"product","link":"https:\/\/www.mmts.ch\/fr\/shop\/securite-au-travail\/","title":{"rendered":"Solution de branche pour la s\u00e9curit\u00e9 au travail et la protection de la sant\u00e9"},"content":{"rendered":"","protected":false},"excerpt":{"rendered":"<p>La mise en oeuvre des mesures prescrites est l\u00e9galement obligatoire pour toutes les entreprises du commerce de d\u00e9tail. En tant qu&#8217;employeur, la loi sur l&rsquo;assurance-accidents (LAA), la loi sur le travail (LTr) et le code des obligations (CO) vous obligent \u00e0 garantir la sant\u00e9 et la s\u00e9curit\u00e9 de vos collaborateurs. Le non-respect de ces dispositions peut entra\u00eener de graves cons\u00e9quences juridiques et financi\u00e8res.<\/p>\n","protected":false},"featured_media":35273,"comment_status":"closed","ping_status":"closed","template":"","meta":{"_exactmetrics_skip_tracking":false,"_exactmetrics_sitenote_active":false,"_exactmetrics_sitenote_note":"","_exactmetrics_sitenote_category":0},"product_brand":[],"product_cat":[3581],"product_tag":[],"class_list":{"0":"post-6391","1":"product","2":"type-product","3":"status-publish","4":"has-post-thumbnail","6":"product_cat-unkategorisiert-fr-2","7":"product_shipping_class-port-gratuit","9":"first","10":"instock","11":"shipping-taxable","12":"purchasable","13":"product-type-variable","14":"has-default-attributes"},"aioseo_notices":[],"_links":{"self":[{"href":"https:\/\/www.mmts.ch\/fr\/wp-json\/wp\/v2\/product\/6391","targetHints":{"allow":["GET"]}}],"collection":[{"href":"https:\/\/www.mmts.ch\/fr\/wp-json\/wp\/v2\/product"}],"about":[{"href":"https:\/\/www.mmts.ch\/fr\/wp-json\/wp\/v2\/types\/product"}],"replies":[{"embeddable":true,"href":"https:\/\/www.mmts.ch\/fr\/wp-json\/wp\/v2\/comments?post=6391"}],"wp:featuredmedia":[{"embeddable":true,"href":"https:\/\/www.mmts.ch\/fr\/wp-json\/wp\/v2\/media\/35273"}],"wp:attachment":[{"href":"https:\/\/www.mmts.ch\/fr\/wp-json\/wp\/v2\/media?parent=6391"}],"wp:term":[{"taxonomy":"product_brand","embeddable":true,"href":"https:\/\/www.mmts.ch\/fr\/wp-json\/wp\/v2\/product_brand?post=6391"},{"taxonomy":"product_cat","embeddable":true,"href":"https:\/\/www.mmts.ch\/fr\/wp-json\/wp\/v2\/product_cat?post=6391"},{"taxonomy":"product_tag","embeddable":true,"href":"https:\/\/www.mmts.ch\/fr\/wp-json\/wp\/v2\/product_tag?post=6391"}],"curies":[{"name":"wp","href":"https:\/\/api.w.org\/{rel}","templated":true}]}}